{"id":154,"date":"2025-08-31T10:44:33","date_gmt":"2025-08-31T10:44:33","guid":{"rendered":"https:\/\/clongs.officialweb.es\/?page_id=154"},"modified":"2025-08-31T12:13:07","modified_gmt":"2025-08-31T12:13:07","slug":"elementor-154","status":"publish","type":"page","link":"https:\/\/clongs.officialweb.es\/","title":{"rendered":"INDICE"},"content":{"rendered":"\t\t<div data-elementor-type=\"wp-post\" data-elementor-id=\"154\" class=\"elementor elementor-154\" data-elementor-post-type=\"page\">\n\t\t\t\t<div class=\"elementor-element elementor-element-514f575 e-con-full e-flex e-con e-parent\" data-id=\"514f575\" data-element_type=\"container\">\n\t\t\t\t<div class=\"elementor-element elementor-element-b4089c8 elementor-widget__width-initial elementor-widget-tablet__width-initial elementor-widget-mobile__width-initial elementor-widget elementor-widget-image\" data-id=\"b4089c8\" data-element_type=\"widget\" data-widget_type=\"image.default\">\n\t\t\t\t\t\t\t\t\t\t\t\t\t\t\t<img fetchpriority=\"high\" decoding=\"async\" width=\"300\" height=\"300\" src=\"https:\/\/clongs.officialweb.es\/wp-content\/uploads\/2025\/08\/cropped-cropped-cropped-logo_gp_centrado-1-300x300.png\" class=\"attachment-medium size-medium wp-image-119\" alt=\"\" srcset=\"https:\/\/clongs.officialweb.es\/wp-content\/uploads\/2025\/08\/cropped-cropped-cropped-logo_gp_centrado-1-300x300.png 300w, https:\/\/clongs.officialweb.es\/wp-content\/uploads\/2025\/08\/cropped-cropped-cropped-logo_gp_centrado-1-150x150.png 150w, https:\/\/clongs.officialweb.es\/wp-content\/uploads\/2025\/08\/cropped-cropped-cropped-logo_gp_centrado-1-270x270.png 270w, https:\/\/clongs.officialweb.es\/wp-content\/uploads\/2025\/08\/cropped-cropped-cropped-logo_gp_centrado-1-192x192.png 192w, https:\/\/clongs.officialweb.es\/wp-content\/uploads\/2025\/08\/cropped-cropped-cropped-logo_gp_centrado-1-180x180.png 180w, https:\/\/clongs.officialweb.es\/wp-content\/uploads\/2025\/08\/cropped-cropped-cropped-logo_gp_centrado-1-32x32.png 32w, https:\/\/clongs.officialweb.es\/wp-content\/uploads\/2025\/08\/cropped-cropped-cropped-logo_gp_centrado-1.png 512w\" sizes=\"(max-width: 300px) 100vw, 300px\" \/>\t\t\t\t\t\t\t\t\t\t\t\t\t\t\t<\/div>\n\t\t\t\t<\/div>\n\t\t<div class=\"elementor-element elementor-element-5dbd423 e-flex e-con-boxed e-con e-parent\" data-id=\"5dbd423\" data-element_type=\"container\">\n\t\t\t\t\t<div class=\"e-con-inner\">\n\t\t\t\t<div class=\"elementor-element elementor-element-5cfaaa3 elementor-widget elementor-widget-text-editor\" data-id=\"5cfaaa3\" data-element_type=\"widget\" data-widget_type=\"text-editor.default\">\n\t\t\t\t\t\t\t\t\t<p style=\"text-align: center;\">Los mejores jamones, vinos y quesos espa\u00f1oles directo a tu mesa.<\/p><p style=\"text-align: center;\">M\u00e1s de 30 a\u00f1os ofreciendo productos gourmet de alta calidad a precios competitivos<\/p>\t\t\t\t\t\t\t\t<\/div>\n\t\t\t\t\t<\/div>\n\t\t\t\t<\/div>\n\t\t<div class=\"elementor-element elementor-element-7c2b2dd e-flex e-con-boxed e-con e-parent\" data-id=\"7c2b2dd\" data-element_type=\"container\">\n\t\t\t\t\t<div class=\"e-con-inner\">\n\t\t<div class=\"elementor-element elementor-element-7eab2de e-con-full e-flex e-con e-child\" data-id=\"7eab2de\" data-element_type=\"container\">\n\t\t\t\t<div class=\"elementor-element elementor-element-b7e4414 elementor-align-justify elementor-widget elementor-widget-button\" data-id=\"b7e4414\" data-element_type=\"widget\" data-widget_type=\"button.default\">\n\t\t\t\t\t\t\t\t\t\t<a class=\"elementor-button elementor-button-link elementor-size-sm\" href=\"#\">\n\t\t\t\t\t\t<span class=\"elementor-button-content-wrapper\">\n\t\t\t\t\t\t\t\t\t<span class=\"elementor-button-text\">Productos<\/span>\n\t\t\t\t\t<\/span>\n\t\t\t\t\t<\/a>\n\t\t\t\t\t\t\t\t<\/div>\n\t\t\t\t<\/div>\n\t\t<div class=\"elementor-element elementor-element-1269a04 e-con-full e-flex e-con e-child\" data-id=\"1269a04\" data-element_type=\"container\">\n\t\t\t\t<div class=\"elementor-element elementor-element-d460689 elementor-align-justify elementor-widget elementor-widget-button\" data-id=\"d460689\" data-element_type=\"widget\" data-widget_type=\"button.default\">\n\t\t\t\t\t\t\t\t\t\t<a class=\"elementor-button elementor-button-link elementor-size-sm\" href=\"#\">\n\t\t\t\t\t\t<span class=\"elementor-button-content-wrapper\">\n\t\t\t\t\t\t\t\t\t<span class=\"elementor-button-text\">GP Club<\/span>\n\t\t\t\t\t<\/span>\n\t\t\t\t\t<\/a>\n\t\t\t\t\t\t\t\t<\/div>\n\t\t\t\t<\/div>\n\t\t\t\t\t<\/div>\n\t\t\t\t<\/div>\n\t\t<div class=\"elementor-element elementor-element-07e9786 e-flex e-con-boxed e-con e-parent\" data-id=\"07e9786\" data-element_type=\"container\">\n\t\t\t\t\t<div class=\"e-con-inner\">\n\t\t\t\t<div class=\"elementor-element elementor-element-62e5a8d elementor-align-justify elementor-widget elementor-widget-button\" data-id=\"62e5a8d\" data-element_type=\"widget\" data-widget_type=\"button.default\">\n\t\t\t\t\t\t\t\t\t\t<a class=\"elementor-button elementor-button-link elementor-size-sm\" href=\"#\">\n\t\t\t\t\t\t<span class=\"elementor-button-content-wrapper\">\n\t\t\t\t\t\t\t\t\t<span class=\"elementor-button-text\">  \ud83c\udf81 OFERTA ESPECIAL: 20% descuento en tu primera compra c\u00f3digo BIENVENIDO20<\/span>\n\t\t\t\t\t<\/span>\n\t\t\t\t\t<\/a>\n\t\t\t\t\t\t\t\t<\/div>\n\t\t\t\t\t<\/div>\n\t\t\t\t<\/div>\n\t\t\t\t<\/div>\n\t\t","protected":false},"excerpt":{"rendered":"<p>Los mejores jamones, vinos y quesos espa\u00f1oles directo a tu mesa. M\u00e1s de 30 a\u00f1os ofreciendo productos gourmet de alta calidad a precios competitivos Productos GP Club \ud83c\udf81 OFERTA ESPECIAL: 20% descuento en tu primera compra c\u00f3digo BIENVENIDO20<\/p>\n","protected":false},"author":1,"featured_media":0,"parent":0,"menu_order":0,"comment_status":"closed","ping_status":"closed","template":"","meta":{"_monsterinsights_skip_tracking":false,"_monsterinsights_sitenote_active":false,"_monsterinsights_sitenote_note":"","_monsterinsights_sitenote_category":0,"footnotes":""},"class_list":["post-154","page","type-page","status-publish","hentry"],"yoast_head":"<!-- This site is optimized with the Yoast SEO plugin v25.8 - https:\/\/yoast.com\/wordpress\/plugins\/seo\/ -->\n<title>INDICE - Gourmet Porducts<\/title>\n<meta name=\"robots\" content=\"index, follow, max-snippet:-1, max-image-preview:large, max-video-preview:-1\" \/>\n<link rel=\"canonical\" href=\"https:\/\/clongs.officialweb.es\/\" \/>\n<meta property=\"og:locale\" content=\"es_ES\" \/>\n<meta property=\"og:type\" content=\"article\" \/>\n<meta property=\"og:title\" content=\"INDICE - Gourmet Porducts\" \/>\n<meta property=\"og:description\" content=\"Los mejores jamones, vinos y quesos espa\u00f1oles directo a tu mesa. M\u00e1s de 30 a\u00f1os ofreciendo productos gourmet de alta calidad a precios competitivos Productos GP Club \ud83c\udf81 OFERTA ESPECIAL: 20% descuento en tu primera compra c\u00f3digo BIENVENIDO20\" \/>\n<meta property=\"og:url\" content=\"https:\/\/clongs.officialweb.es\/\" \/>\n<meta property=\"og:site_name\" content=\"Gourmet Porducts\" \/>\n<meta property=\"article:modified_time\" content=\"2025-08-31T12:13:07+00:00\" \/>\n<meta property=\"og:image\" content=\"https:\/\/clongs.officialweb.es\/wp-content\/uploads\/2025\/08\/cropped-cropped-cropped-logo_gp_centrado-1.png\" \/>\n\t<meta property=\"og:image:width\" content=\"512\" \/>\n\t<meta property=\"og:image:height\" content=\"512\" \/>\n\t<meta property=\"og:image:type\" content=\"image\/png\" \/>\n<meta name=\"twitter:card\" content=\"summary_large_image\" \/>\n<meta name=\"twitter:label1\" content=\"Tiempo de lectura\" \/>\n\t<meta name=\"twitter:data1\" content=\"1 minuto\" \/>\n<script type=\"application\/ld+json\" class=\"yoast-schema-graph\">{\"@context\":\"https:\/\/schema.org\",\"@graph\":[{\"@type\":\"WebPage\",\"@id\":\"https:\/\/clongs.officialweb.es\/\",\"url\":\"https:\/\/clongs.officialweb.es\/\",\"name\":\"INDICE - Gourmet Porducts\",\"isPartOf\":{\"@id\":\"https:\/\/clongs.officialweb.es\/#website\"},\"primaryImageOfPage\":{\"@id\":\"https:\/\/clongs.officialweb.es\/#primaryimage\"},\"image\":{\"@id\":\"https:\/\/clongs.officialweb.es\/#primaryimage\"},\"thumbnailUrl\":\"https:\/\/clongs.officialweb.es\/wp-content\/uploads\/2025\/08\/cropped-cropped-cropped-logo_gp_centrado-1-300x300.png\",\"datePublished\":\"2025-08-31T10:44:33+00:00\",\"dateModified\":\"2025-08-31T12:13:07+00:00\",\"breadcrumb\":{\"@id\":\"https:\/\/clongs.officialweb.es\/#breadcrumb\"},\"inLanguage\":\"es\",\"potentialAction\":[{\"@type\":\"ReadAction\",\"target\":[\"https:\/\/clongs.officialweb.es\/\"]}]},{\"@type\":\"ImageObject\",\"inLanguage\":\"es\",\"@id\":\"https:\/\/clongs.officialweb.es\/#primaryimage\",\"url\":\"https:\/\/clongs.officialweb.es\/wp-content\/uploads\/2025\/08\/cropped-cropped-cropped-logo_gp_centrado-1.png\",\"contentUrl\":\"https:\/\/clongs.officialweb.es\/wp-content\/uploads\/2025\/08\/cropped-cropped-cropped-logo_gp_centrado-1.png\",\"width\":512,\"height\":512},{\"@type\":\"BreadcrumbList\",\"@id\":\"https:\/\/clongs.officialweb.es\/#breadcrumb\",\"itemListElement\":[{\"@type\":\"ListItem\",\"position\":1,\"name\":\"Portada\",\"item\":\"https:\/\/clongs.officialweb.es\/\"},{\"@type\":\"ListItem\",\"position\":2,\"name\":\"INDICE\"}]},{\"@type\":\"WebSite\",\"@id\":\"https:\/\/clongs.officialweb.es\/#website\",\"url\":\"https:\/\/clongs.officialweb.es\/\",\"name\":\"Gourmet Porducts\",\"description\":\"Productos Gourmet Espanoles\",\"publisher\":{\"@id\":\"https:\/\/clongs.officialweb.es\/#organization\"},\"potentialAction\":[{\"@type\":\"SearchAction\",\"target\":{\"@type\":\"EntryPoint\",\"urlTemplate\":\"https:\/\/clongs.officialweb.es\/?s={search_term_string}\"},\"query-input\":{\"@type\":\"PropertyValueSpecification\",\"valueRequired\":true,\"valueName\":\"search_term_string\"}}],\"inLanguage\":\"es\"},{\"@type\":\"Organization\",\"@id\":\"https:\/\/clongs.officialweb.es\/#organization\",\"name\":\"Gourmet Porducts\",\"url\":\"https:\/\/clongs.officialweb.es\/\",\"logo\":{\"@type\":\"ImageObject\",\"inLanguage\":\"es\",\"@id\":\"https:\/\/clongs.officialweb.es\/#\/schema\/logo\/image\/\",\"url\":\"https:\/\/clongs.officialweb.es\/wp-content\/uploads\/2025\/08\/cropped-cropped-logo_gp_centrado-1.png\",\"contentUrl\":\"https:\/\/clongs.officialweb.es\/wp-content\/uploads\/2025\/08\/cropped-cropped-logo_gp_centrado-1.png\",\"width\":347,\"height\":339,\"caption\":\"Gourmet Porducts\"},\"image\":{\"@id\":\"https:\/\/clongs.officialweb.es\/#\/schema\/logo\/image\/\"}}]}<\/script>\n<!-- \/ Yoast SEO plugin. -->","yoast_head_json":{"title":"INDICE - Gourmet Porducts","robots":{"index":"index","follow":"follow","max-snippet":"max-snippet:-1","max-image-preview":"max-image-preview:large","max-video-preview":"max-video-preview:-1"},"canonical":"https:\/\/clongs.officialweb.es\/","og_locale":"es_ES","og_type":"article","og_title":"INDICE - Gourmet Porducts","og_description":"Los mejores jamones, vinos y quesos espa\u00f1oles directo a tu mesa. M\u00e1s de 30 a\u00f1os ofreciendo productos gourmet de alta calidad a precios competitivos Productos GP Club \ud83c\udf81 OFERTA ESPECIAL: 20% descuento en tu primera compra c\u00f3digo BIENVENIDO20","og_url":"https:\/\/clongs.officialweb.es\/","og_site_name":"Gourmet Porducts","article_modified_time":"2025-08-31T12:13:07+00:00","og_image":[{"width":512,"height":512,"url":"https:\/\/clongs.officialweb.es\/wp-content\/uploads\/2025\/08\/cropped-cropped-cropped-logo_gp_centrado-1.png","type":"image\/png"}],"twitter_card":"summary_large_image","twitter_misc":{"Tiempo de lectura":"1 minuto"},"schema":{"@context":"https:\/\/schema.org","@graph":[{"@type":"WebPage","@id":"https:\/\/clongs.officialweb.es\/","url":"https:\/\/clongs.officialweb.es\/","name":"INDICE - Gourmet Porducts","isPartOf":{"@id":"https:\/\/clongs.officialweb.es\/#website"},"primaryImageOfPage":{"@id":"https:\/\/clongs.officialweb.es\/#primaryimage"},"image":{"@id":"https:\/\/clongs.officialweb.es\/#primaryimage"},"thumbnailUrl":"https:\/\/clongs.officialweb.es\/wp-content\/uploads\/2025\/08\/cropped-cropped-cropped-logo_gp_centrado-1-300x300.png","datePublished":"2025-08-31T10:44:33+00:00","dateModified":"2025-08-31T12:13:07+00:00","breadcrumb":{"@id":"https:\/\/clongs.officialweb.es\/#breadcrumb"},"inLanguage":"es","potentialAction":[{"@type":"ReadAction","target":["https:\/\/clongs.officialweb.es\/"]}]},{"@type":"ImageObject","inLanguage":"es","@id":"https:\/\/clongs.officialweb.es\/#primaryimage","url":"https:\/\/clongs.officialweb.es\/wp-content\/uploads\/2025\/08\/cropped-cropped-cropped-logo_gp_centrado-1.png","contentUrl":"https:\/\/clongs.officialweb.es\/wp-content\/uploads\/2025\/08\/cropped-cropped-cropped-logo_gp_centrado-1.png","width":512,"height":512},{"@type":"BreadcrumbList","@id":"https:\/\/clongs.officialweb.es\/#breadcrumb","itemListElement":[{"@type":"ListItem","position":1,"name":"Portada","item":"https:\/\/clongs.officialweb.es\/"},{"@type":"ListItem","position":2,"name":"INDICE"}]},{"@type":"WebSite","@id":"https:\/\/clongs.officialweb.es\/#website","url":"https:\/\/clongs.officialweb.es\/","name":"Gourmet Porducts","description":"Productos Gourmet Espanoles","publisher":{"@id":"https:\/\/clongs.officialweb.es\/#organization"},"potentialAction":[{"@type":"SearchAction","target":{"@type":"EntryPoint","urlTemplate":"https:\/\/clongs.officialweb.es\/?s={search_term_string}"},"query-input":{"@type":"PropertyValueSpecification","valueRequired":true,"valueName":"search_term_string"}}],"inLanguage":"es"},{"@type":"Organization","@id":"https:\/\/clongs.officialweb.es\/#organization","name":"Gourmet Porducts","url":"https:\/\/clongs.officialweb.es\/","logo":{"@type":"ImageObject","inLanguage":"es","@id":"https:\/\/clongs.officialweb.es\/#\/schema\/logo\/image\/","url":"https:\/\/clongs.officialweb.es\/wp-content\/uploads\/2025\/08\/cropped-cropped-logo_gp_centrado-1.png","contentUrl":"https:\/\/clongs.officialweb.es\/wp-content\/uploads\/2025\/08\/cropped-cropped-logo_gp_centrado-1.png","width":347,"height":339,"caption":"Gourmet Porducts"},"image":{"@id":"https:\/\/clongs.officialweb.es\/#\/schema\/logo\/image\/"}}]}},"_links":{"self":[{"href":"https:\/\/clongs.officialweb.es\/index.php\/wp-json\/wp\/v2\/pages\/154","targetHints":{"allow":["GET"]}}],"collection":[{"href":"https:\/\/clongs.officialweb.es\/index.php\/wp-json\/wp\/v2\/pages"}],"about":[{"href":"https:\/\/clongs.officialweb.es\/index.php\/wp-json\/wp\/v2\/types\/page"}],"author":[{"embeddable":true,"href":"https:\/\/clongs.officialweb.es\/index.php\/wp-json\/wp\/v2\/users\/1"}],"replies":[{"embeddable":true,"href":"https:\/\/clongs.officialweb.es\/index.php\/wp-json\/wp\/v2\/comments?post=154"}],"version-history":[{"count":14,"href":"https:\/\/clongs.officialweb.es\/index.php\/wp-json\/wp\/v2\/pages\/154\/revisions"}],"predecessor-version":[{"id":286,"href":"https:\/\/clongs.officialweb.es\/index.php\/wp-json\/wp\/v2\/pages\/154\/revisions\/286"}],"wp:attachment":[{"href":"https:\/\/clongs.officialweb.es\/index.php\/wp-json\/wp\/v2\/media?parent=154"}],"curies":[{"name":"wp","href":"https:\/\/api.w.org\/{rel}","templated":true}]}}